{"id":46,"date":"2019-07-22T14:43:10","date_gmt":"2019-07-22T12:43:10","guid":{"rendered":"http:\/\/prenotazioni.aeroclub.it\/wordpress\/?page_id=46"},"modified":"2024-02-29T21:17:24","modified_gmt":"2024-02-29T20:17:24","slug":"brevetti-licenze-ppl-lapl-vds-avanzato","status":"publish","type":"page","link":"http:\/\/www.aeroclub.it\/index.php\/brevetti-licenze-ppl-lapl-vds-avanzato\/","title":{"rendered":"Corsi"},"content":{"rendered":"\n<ul><li><a href=\"\/index.php\/aviazione-generale\/\">PPL (A) <\/a><\/li><li><a href=\"http:\/\/www.aeroclub.it\/index.php\/general-aviation-ppl\/\">PPL (A) General Aviation English<\/a><\/li><li><a href=\"http:\/\/www.aeroclub.it\/index.php\/aviazione-generale-lapl\/\">LAPL (A) <\/a><\/li><li><a href=\"\/index.php\/vds\/\">VDS<\/a><\/li><li><a href=\"\/index.php\/vds-avanzato\/\">VDS Avanzato<\/a><\/li><li><a href=\"\/index.php\/fonia\/\">Fonia<\/a><\/li><\/ul>\n\n\n\n<p>Una scuola di volo animata dalla passione anzi da tanta passione, \u00e8 per  questo semplice motivo che i nostri istruttori dedicano con amore e  dedizione l&#8217;insegnamento del volo ai propri allievi. Professionalit\u00e0, grande preparazione e aggiornamenti continui, animano i nostri istruttori. Insegnare a volare e fare di te un buon pilota \u00e8 il nostro primo  obiettivo, senza mai perdere di vista la sicurezza, il rispetto delle  regole e dei colleghi. Diventa anche tu uno dei nostri piloti e  affronta con serenit\u00e0 e piacere questo entusiasmante e affascinante  sport che ti pu\u00f2 regalare emozioni indimenticabili. Contattaci o  vieni a trovarci nel fine settimana presso la nostra sede, potrai cos\u00ec  conoscere gli istruttori, i futuri compagni di volo e vedere da vicino  la nostra flotta di aerei.<\/p>\n\n\n\n<p> A nome di tutti i soci dell&#8217;aeroclub Arturo Ferrarin Ti aspetto <\/p>\n\n\n\n<p>Il presidente <br>Marco Collinetti <\/p>\n","protected":false},"excerpt":{"rendered":"<p>PPL (A) PPL (A) General Aviation English LAPL (A) VDS VDS Avanzato Fonia Una scuola di volo animata dalla passione<\/p>\n","protected":false},"author":1,"featured_media":0,"parent":0,"menu_order":0,"comment_status":"closed","ping_status":"closed","template":"","meta":[],"yoast_head":"<!-- This site is optimized with the Yoast SEO plugin v17.4 - https:\/\/yoast.com\/wordpress\/plugins\/seo\/ -->\n<title>- Scuola di volo Thiene - Aeroclub A.Ferrarin<\/title>\n<meta name=\"description\" content=\"Corsi Licenza PPL - Pilota Privato - Licenza LAPL Aereo Leggero - VDS basico ed Avanzato Ultraleggero\" \/>\n<meta name=\"robots\" content=\"index, follow, max-snippet:-1, max-image-preview:large, max-video-preview:-1\" \/>\n<link rel=\"canonical\" href=\"http:\/\/www.aeroclub.it\/index.php\/brevetti-licenze-ppl-lapl-vds-avanzato\/\" \/>\n<meta property=\"og:locale\" content=\"it_IT\" \/>\n<meta property=\"og:type\" content=\"article\" \/>\n<meta property=\"og:title\" content=\"- Scuola di volo Thiene - Aeroclub A.Ferrarin\" \/>\n<meta property=\"og:description\" content=\"Corsi Licenza PPL - Pilota Privato - Licenza LAPL Aereo Leggero - VDS basico ed Avanzato Ultraleggero\" \/>\n<meta property=\"og:url\" content=\"http:\/\/www.aeroclub.it\/index.php\/brevetti-licenze-ppl-lapl-vds-avanzato\/\" \/>\n<meta property=\"og:site_name\" content=\"Scuola di volo Thiene - Aeroclub A.Ferrarin\" \/>\n<meta property=\"article:modified_time\" content=\"2024-02-29T20:17:24+00:00\" \/>\n<meta name=\"twitter:card\" content=\"summary_large_image\" \/>\n<meta name=\"twitter:label1\" content=\"Tempo di lettura stimato\" \/>\n\t<meta name=\"twitter:data1\" content=\"1 minuto\" \/>\n<script type=\"application\/ld+json\" class=\"yoast-schema-graph\">{\"@context\":\"https:\/\/schema.org\",\"@graph\":[{\"@type\":\"Organization\",\"@id\":\"http:\/\/www.aeroclub.it\/#organization\",\"name\":\"Aeroclub \\\"Artuto Ferrarin\\\" - Thiene\",\"url\":\"http:\/\/www.aeroclub.it\/\",\"sameAs\":[],\"logo\":{\"@type\":\"ImageObject\",\"@id\":\"http:\/\/www.aeroclub.it\/#logo\",\"inLanguage\":\"it-IT\",\"url\":\"http:\/\/www.aeroclub.it\/wp-content\/uploads\/2019\/08\/logo.png\",\"contentUrl\":\"http:\/\/www.aeroclub.it\/wp-content\/uploads\/2019\/08\/logo.png\",\"width\":762,\"height\":534,\"caption\":\"Aeroclub \\\"Artuto Ferrarin\\\" - Thiene\"},\"image\":{\"@id\":\"http:\/\/www.aeroclub.it\/#logo\"}},{\"@type\":\"WebSite\",\"@id\":\"http:\/\/www.aeroclub.it\/#website\",\"url\":\"http:\/\/www.aeroclub.it\/\",\"name\":\"Scuola di volo Thiene - Aeroclub A.Ferrarin\",\"description\":\"Scuola di volo ATO.IT.0080\",\"publisher\":{\"@id\":\"http:\/\/www.aeroclub.it\/#organization\"},\"potentialAction\":[{\"@type\":\"SearchAction\",\"target\":{\"@type\":\"EntryPoint\",\"urlTemplate\":\"http:\/\/www.aeroclub.it\/?s={search_term_string}\"},\"query-input\":\"required name=search_term_string\"}],\"inLanguage\":\"it-IT\"},{\"@type\":\"WebPage\",\"@id\":\"http:\/\/www.aeroclub.it\/index.php\/brevetti-licenze-ppl-lapl-vds-avanzato\/#webpage\",\"url\":\"http:\/\/www.aeroclub.it\/index.php\/brevetti-licenze-ppl-lapl-vds-avanzato\/\",\"name\":\"- Scuola di volo Thiene - Aeroclub A.Ferrarin\",\"isPartOf\":{\"@id\":\"http:\/\/www.aeroclub.it\/#website\"},\"datePublished\":\"2019-07-22T12:43:10+00:00\",\"dateModified\":\"2024-02-29T20:17:24+00:00\",\"description\":\"Corsi Licenza PPL - Pilota Privato - Licenza LAPL Aereo Leggero - VDS basico ed Avanzato Ultraleggero\",\"breadcrumb\":{\"@id\":\"http:\/\/www.aeroclub.it\/index.php\/brevetti-licenze-ppl-lapl-vds-avanzato\/#breadcrumb\"},\"inLanguage\":\"it-IT\",\"potentialAction\":[{\"@type\":\"ReadAction\",\"target\":[\"http:\/\/www.aeroclub.it\/index.php\/brevetti-licenze-ppl-lapl-vds-avanzato\/\"]}]},{\"@type\":\"BreadcrumbList\",\"@id\":\"http:\/\/www.aeroclub.it\/index.php\/brevetti-licenze-ppl-lapl-vds-avanzato\/#breadcrumb\",\"itemListElement\":[{\"@type\":\"ListItem\",\"position\":1,\"name\":\"Home\",\"item\":\"http:\/\/www.aeroclub.it\/\"},{\"@type\":\"ListItem\",\"position\":2,\"name\":\"Corsi\"}]}]}<\/script>\n<!-- \/ Yoast SEO plugin. -->","yoast_head_json":{"title":"- Scuola di volo Thiene - Aeroclub A.Ferrarin","description":"Corsi Licenza PPL - Pilota Privato - Licenza LAPL Aereo Leggero - VDS basico ed Avanzato Ultraleggero","robots":{"index":"index","follow":"follow","max-snippet":"max-snippet:-1","max-image-preview":"max-image-preview:large","max-video-preview":"max-video-preview:-1"},"canonical":"http:\/\/www.aeroclub.it\/index.php\/brevetti-licenze-ppl-lapl-vds-avanzato\/","og_locale":"it_IT","og_type":"article","og_title":"- Scuola di volo Thiene - Aeroclub A.Ferrarin","og_description":"Corsi Licenza PPL - Pilota Privato - Licenza LAPL Aereo Leggero - VDS basico ed Avanzato Ultraleggero","og_url":"http:\/\/www.aeroclub.it\/index.php\/brevetti-licenze-ppl-lapl-vds-avanzato\/","og_site_name":"Scuola di volo Thiene - Aeroclub A.Ferrarin","article_modified_time":"2024-02-29T20:17:24+00:00","twitter_card":"summary_large_image","twitter_misc":{"Tempo di lettura stimato":"1 minuto"},"schema":{"@context":"https:\/\/schema.org","@graph":[{"@type":"Organization","@id":"http:\/\/www.aeroclub.it\/#organization","name":"Aeroclub \"Artuto Ferrarin\" - Thiene","url":"http:\/\/www.aeroclub.it\/","sameAs":[],"logo":{"@type":"ImageObject","@id":"http:\/\/www.aeroclub.it\/#logo","inLanguage":"it-IT","url":"http:\/\/www.aeroclub.it\/wp-content\/uploads\/2019\/08\/logo.png","contentUrl":"http:\/\/www.aeroclub.it\/wp-content\/uploads\/2019\/08\/logo.png","width":762,"height":534,"caption":"Aeroclub \"Artuto Ferrarin\" - Thiene"},"image":{"@id":"http:\/\/www.aeroclub.it\/#logo"}},{"@type":"WebSite","@id":"http:\/\/www.aeroclub.it\/#website","url":"http:\/\/www.aeroclub.it\/","name":"Scuola di volo Thiene - Aeroclub A.Ferrarin","description":"Scuola di volo ATO.IT.0080","publisher":{"@id":"http:\/\/www.aeroclub.it\/#organization"},"potentialAction":[{"@type":"SearchAction","target":{"@type":"EntryPoint","urlTemplate":"http:\/\/www.aeroclub.it\/?s={search_term_string}"},"query-input":"required name=search_term_string"}],"inLanguage":"it-IT"},{"@type":"WebPage","@id":"http:\/\/www.aeroclub.it\/index.php\/brevetti-licenze-ppl-lapl-vds-avanzato\/#webpage","url":"http:\/\/www.aeroclub.it\/index.php\/brevetti-licenze-ppl-lapl-vds-avanzato\/","name":"- Scuola di volo Thiene - Aeroclub A.Ferrarin","isPartOf":{"@id":"http:\/\/www.aeroclub.it\/#website"},"datePublished":"2019-07-22T12:43:10+00:00","dateModified":"2024-02-29T20:17:24+00:00","description":"Corsi Licenza PPL - Pilota Privato - Licenza LAPL Aereo Leggero - VDS basico ed Avanzato Ultraleggero","breadcrumb":{"@id":"http:\/\/www.aeroclub.it\/index.php\/brevetti-licenze-ppl-lapl-vds-avanzato\/#breadcrumb"},"inLanguage":"it-IT","potentialAction":[{"@type":"ReadAction","target":["http:\/\/www.aeroclub.it\/index.php\/brevetti-licenze-ppl-lapl-vds-avanzato\/"]}]},{"@type":"BreadcrumbList","@id":"http:\/\/www.aeroclub.it\/index.php\/brevetti-licenze-ppl-lapl-vds-avanzato\/#breadcrumb","itemListElement":[{"@type":"ListItem","position":1,"name":"Home","item":"http:\/\/www.aeroclub.it\/"},{"@type":"ListItem","position":2,"name":"Corsi"}]}]}},"_links":{"self":[{"href":"http:\/\/www.aeroclub.it\/index.php\/wp-json\/wp\/v2\/pages\/46"}],"collection":[{"href":"http:\/\/www.aeroclub.it\/index.php\/wp-json\/wp\/v2\/pages"}],"about":[{"href":"http:\/\/www.aeroclub.it\/index.php\/wp-json\/wp\/v2\/types\/page"}],"author":[{"embeddable":true,"href":"http:\/\/www.aeroclub.it\/index.php\/wp-json\/wp\/v2\/users\/1"}],"replies":[{"embeddable":true,"href":"http:\/\/www.aeroclub.it\/index.php\/wp-json\/wp\/v2\/comments?post=46"}],"version-history":[{"count":6,"href":"http:\/\/www.aeroclub.it\/index.php\/wp-json\/wp\/v2\/pages\/46\/revisions"}],"predecessor-version":[{"id":1326,"href":"http:\/\/www.aeroclub.it\/index.php\/wp-json\/wp\/v2\/pages\/46\/revisions\/1326"}],"wp:attachment":[{"href":"http:\/\/www.aeroclub.it\/index.php\/wp-json\/wp\/v2\/media?parent=46"}],"curies":[{"name":"wp","href":"https:\/\/api.w.org\/{rel}","templated":true}]}}