{"id":38,"date":"2019-07-22T14:39:58","date_gmt":"2019-07-22T12:39:58","guid":{"rendered":"http:\/\/prenotazioni.aeroclub.it\/wordpress\/?page_id=38"},"modified":"2025-03-11T15:32:15","modified_gmt":"2025-03-11T14:32:15","slug":"aviazione-generale","status":"publish","type":"page","link":"http:\/\/www.aeroclub.it\/index.php\/aviazione-generale\/","title":{"rendered":"Aviazione Generale &#8211; PPL"},"content":{"rendered":"\n<p><strong> Corso di Volo Aviazione Generale<\/strong><\/p>\n\n\n\n<p>Il corso per il conseguimento della licenza di pilota privato PPL (A)<\/p>\n\n\n\n<p>AEROCLUB DI THIENE \u201cA.FERRARIN\u201d Corso Part FCL-PPL (A) pilota privato di velivolo<\/p>\n\n\n\n<p><strong>Generalit\u00e0<\/strong><\/p>\n\n\n\n<p>Il corso per il conseguimento della licenza di pilota di aereo PPL(A)\n EASA consente di esercitare le funzioni di pilota in comando o \ncopilota, senza essere remunerati, su aeromobili privati per cui si \npossiede l\u2019abilitazione, impegnati in operazioni non commerciali; si \narticola secondo quanto previsto dalla normativa europea Part FCL EASA\nIl corso per il conseguimento della licenza di pilota di aereo PPL(A) \nEASA consente di esercitare le funzioni di pilota in comando o copilota,\n senza essere remunerati, su aeromobili privati per cui si possiede \nl\u2019abilitazione, impegnati in operazioni non commerciali; si articola \nsecondo quanto previsto dalla normativa europea Part FCL EASA\n<\/p>\n\n\n\n<p><strong>Pre \u2013 Requisiti di ammissione<\/strong><\/p>\n\n\n\n<p>I piloti che richiedono l\u2019ammissione al corso PPL (A) devono \nsoddisfare ai seguenti requisiti: aver compiuto almeno 16 anni essere in\n possesso della idoneit\u00e0 medica di prima o di seconda classe conseguita \npresso l\u2019istituto medico legale L\u2019accesso all\u2019esame finale per il \nconseguimento della licenza PPL (A) richiede inoltre di soddisfare i \nseguenti requisiti: completato l\u2019istruzione teorica e superato \nl\u2019accertamento ministeriale aver completato un\u2019attivit\u00e0 minima di 45 ore\n di volo aver compiuto almeno 17 anni<br><br><\/p>\n\n\n\n<p><strong>Corso Teorico<\/strong><\/p>\n\n\n\n<p>Il programma comprende 100 ore di istruzione teorica, comprensive di  esami intermedi, distribuite nelle materie di seguito riportate secondo  le norme Part FCL 215:<\/p>\n\n\n\n<ul><li><sub>Regolamentazione Aeronautica<\/sub><\/li><li><sub>Nozioni Generali Velivoli<\/sub><\/li><li><sub>Prestazioni e Pianificazione<\/sub><\/li><li><sub>Fattore Umano<\/sub><\/li><li><sub>Meteorologia<\/sub><\/li><li><sub>Navigazione Aerea<\/sub><\/li><li><sub>Procedure Operative<\/sub><\/li><li><sub>Principi del Volo<\/sub><\/li><li><sub>Radiocomunicazioni<\/sub><\/li><\/ul>\n\n\n\n<p>&nbsp;Giorni e orari previsti per le lezioni:<\/p>\n\n\n\n<ul><li><sub>Il corso di teoria si tiene nei giorni di Marted\u00ec e Gioved\u00ec dalle  ore 20.00 alle ore 22.00 presso la sede dell&#8217;Aeroclub, esame finale a  quiz con risposta multipla.<\/sub><\/li><li><sub>Le lezioni pratiche di volo saranno di volta in volta prenotate e pianificate singolarmente con l\u2019istruttore.<\/sub><\/li><\/ul>\n\n\n\n<p><strong>Corso Pratico<\/strong><\/p>\n\n\n\n<p>Il programma prevede non meno di 45 ore di volo distribuite in 4 fasi<br><br><\/p>\n\n\n\n<figure class=\"wp-block-table\"><table><tbody><tr><td>FASE<\/td><td>A\/M<\/td><td>D.C.<\/td><td>SOLO<\/td><td>TOTALE<\/td><\/tr><tr><td>Fase 1 (pre-volo da solista) Mix da 1 a 12<\/td><td>P2002JF &#8211; P92JS<\/td><td>12.00<\/td><td>0.30<\/td><td>12.30<\/td><\/tr><tr><td>Fase 2 (Consolidamento) Mix da 14 a 22<\/td><td>P2002JF &#8211; P92JS<\/td><td>6.00<\/td><td>3.00<\/td><td>9.00<\/td><\/tr><tr><td>Fase 3 (Navigazione a vista) Mix da 23 a 30<\/td><td>P2002JF &#8211; P92JS<\/td><td>7.00<\/td><td>4.00<\/td><td>11.00<\/td><\/tr><tr><td>Fase 4 (Radio Navigazione) Mix da 31 a 39<\/td><td>P2002JF &#8211; P92JS<\/td><td>10.00<\/td><td>2.30<\/td><td>12.30<\/td><\/tr><tr><td>Totale generale<\/td><td>&nbsp;<\/td><td>35.00<\/td><td>10.00<\/td><td>45.00<\/td><\/tr><\/tbody><\/table><\/figure>\n\n\n\n<p>Costo: \u20ac 10.400<\/p>\n\n\n\n<p>Il costo comprende:<\/p>\n\n\n\n<ul><li><sub>Iscrizione al corso<\/sub><\/li><li><sub>Materiale didattico <em>(libri, dispense, regolo, plotter, ecc&#8230;)<\/em><\/sub><\/li><li><sub>45 ore di volo pratico<\/sub><\/li><li><sub>100 ore di teoria <\/sub><\/li><li><sub>Accesso al sistema Elearning <\/sub><\/li><li><sub>Pratiche di segreteria<\/sub><\/li><\/ul>\n\n\n\n<p>La modalit\u00e0 di pagamento \u00e8 cos\u00ec rateizzata:<\/p>\n\n\n\n<p>una quota al momento dell&#8217;iscrizione e successivamente ogni 5 o 10 ore di volo per un massimo di 6 rate<br>L\u2019iscrizione all&#8217;Aeroclub deve essere attivata per tutto il periodo necessario all\u2019addestramento. <br>Per ulteriori informazioni contattare la segreteria al numero 0445 380883.<\/p>\n","protected":false},"excerpt":{"rendered":"<p>Corso di Volo Aviazione Generale Il corso per il conseguimento della licenza di pilota privato PPL (A) AEROCLUB DI THIENE<\/p>\n","protected":false},"author":1,"featured_media":0,"parent":0,"menu_order":0,"comment_status":"closed","ping_status":"closed","template":"","meta":[],"yoast_head":"<!-- This site is optimized with the Yoast SEO plugin v17.4 - https:\/\/yoast.com\/wordpress\/plugins\/seo\/ -->\n<title>Aviazione Generale - PPL - Scuola di volo Thiene - Aeroclub A.Ferrarin<\/title>\n<meta name=\"robots\" content=\"index, follow, max-snippet:-1, max-image-preview:large, max-video-preview:-1\" \/>\n<link rel=\"canonical\" href=\"http:\/\/www.aeroclub.it\/index.php\/aviazione-generale\/\" \/>\n<meta property=\"og:locale\" content=\"it_IT\" \/>\n<meta property=\"og:type\" content=\"article\" \/>\n<meta property=\"og:title\" content=\"Aviazione Generale - PPL - Scuola di volo Thiene - Aeroclub A.Ferrarin\" \/>\n<meta property=\"og:description\" content=\"Corso di Volo Aviazione Generale Il corso per il conseguimento della licenza di pilota privato PPL (A) AEROCLUB DI THIENE\" \/>\n<meta property=\"og:url\" content=\"http:\/\/www.aeroclub.it\/index.php\/aviazione-generale\/\" \/>\n<meta property=\"og:site_name\" content=\"Scuola di volo Thiene - Aeroclub A.Ferrarin\" \/>\n<meta property=\"article:modified_time\" content=\"2025-03-11T14:32:15+00:00\" \/>\n<meta name=\"twitter:card\" content=\"summary_large_image\" \/>\n<meta name=\"twitter:label1\" content=\"Tempo di lettura stimato\" \/>\n\t<meta name=\"twitter:data1\" content=\"3 minuti\" \/>\n<script type=\"application\/ld+json\" class=\"yoast-schema-graph\">{\"@context\":\"https:\/\/schema.org\",\"@graph\":[{\"@type\":\"Organization\",\"@id\":\"http:\/\/www.aeroclub.it\/#organization\",\"name\":\"Aeroclub \\\"Artuto Ferrarin\\\" - Thiene\",\"url\":\"http:\/\/www.aeroclub.it\/\",\"sameAs\":[],\"logo\":{\"@type\":\"ImageObject\",\"@id\":\"http:\/\/www.aeroclub.it\/#logo\",\"inLanguage\":\"it-IT\",\"url\":\"http:\/\/www.aeroclub.it\/wp-content\/uploads\/2019\/08\/logo.png\",\"contentUrl\":\"http:\/\/www.aeroclub.it\/wp-content\/uploads\/2019\/08\/logo.png\",\"width\":762,\"height\":534,\"caption\":\"Aeroclub \\\"Artuto Ferrarin\\\" - Thiene\"},\"image\":{\"@id\":\"http:\/\/www.aeroclub.it\/#logo\"}},{\"@type\":\"WebSite\",\"@id\":\"http:\/\/www.aeroclub.it\/#website\",\"url\":\"http:\/\/www.aeroclub.it\/\",\"name\":\"Scuola di volo Thiene - Aeroclub A.Ferrarin\",\"description\":\"Scuola di volo ATO.IT.0080\",\"publisher\":{\"@id\":\"http:\/\/www.aeroclub.it\/#organization\"},\"potentialAction\":[{\"@type\":\"SearchAction\",\"target\":{\"@type\":\"EntryPoint\",\"urlTemplate\":\"http:\/\/www.aeroclub.it\/?s={search_term_string}\"},\"query-input\":\"required name=search_term_string\"}],\"inLanguage\":\"it-IT\"},{\"@type\":\"WebPage\",\"@id\":\"http:\/\/www.aeroclub.it\/index.php\/aviazione-generale\/#webpage\",\"url\":\"http:\/\/www.aeroclub.it\/index.php\/aviazione-generale\/\",\"name\":\"Aviazione Generale - PPL - Scuola di volo Thiene - Aeroclub A.Ferrarin\",\"isPartOf\":{\"@id\":\"http:\/\/www.aeroclub.it\/#website\"},\"datePublished\":\"2019-07-22T12:39:58+00:00\",\"dateModified\":\"2025-03-11T14:32:15+00:00\",\"breadcrumb\":{\"@id\":\"http:\/\/www.aeroclub.it\/index.php\/aviazione-generale\/#breadcrumb\"},\"inLanguage\":\"it-IT\",\"potentialAction\":[{\"@type\":\"ReadAction\",\"target\":[\"http:\/\/www.aeroclub.it\/index.php\/aviazione-generale\/\"]}]},{\"@type\":\"BreadcrumbList\",\"@id\":\"http:\/\/www.aeroclub.it\/index.php\/aviazione-generale\/#breadcrumb\",\"itemListElement\":[{\"@type\":\"ListItem\",\"position\":1,\"name\":\"Home\",\"item\":\"http:\/\/www.aeroclub.it\/\"},{\"@type\":\"ListItem\",\"position\":2,\"name\":\"Aviazione Generale &#8211; PPL\"}]}]}<\/script>\n<!-- \/ Yoast SEO plugin. -->","yoast_head_json":{"title":"Aviazione Generale - PPL - Scuola di volo Thiene - Aeroclub A.Ferrarin","robots":{"index":"index","follow":"follow","max-snippet":"max-snippet:-1","max-image-preview":"max-image-preview:large","max-video-preview":"max-video-preview:-1"},"canonical":"http:\/\/www.aeroclub.it\/index.php\/aviazione-generale\/","og_locale":"it_IT","og_type":"article","og_title":"Aviazione Generale - PPL - Scuola di volo Thiene - Aeroclub A.Ferrarin","og_description":"Corso di Volo Aviazione Generale Il corso per il conseguimento della licenza di pilota privato PPL (A) AEROCLUB DI THIENE","og_url":"http:\/\/www.aeroclub.it\/index.php\/aviazione-generale\/","og_site_name":"Scuola di volo Thiene - Aeroclub A.Ferrarin","article_modified_time":"2025-03-11T14:32:15+00:00","twitter_card":"summary_large_image","twitter_misc":{"Tempo di lettura stimato":"3 minuti"},"schema":{"@context":"https:\/\/schema.org","@graph":[{"@type":"Organization","@id":"http:\/\/www.aeroclub.it\/#organization","name":"Aeroclub \"Artuto Ferrarin\" - Thiene","url":"http:\/\/www.aeroclub.it\/","sameAs":[],"logo":{"@type":"ImageObject","@id":"http:\/\/www.aeroclub.it\/#logo","inLanguage":"it-IT","url":"http:\/\/www.aeroclub.it\/wp-content\/uploads\/2019\/08\/logo.png","contentUrl":"http:\/\/www.aeroclub.it\/wp-content\/uploads\/2019\/08\/logo.png","width":762,"height":534,"caption":"Aeroclub \"Artuto Ferrarin\" - Thiene"},"image":{"@id":"http:\/\/www.aeroclub.it\/#logo"}},{"@type":"WebSite","@id":"http:\/\/www.aeroclub.it\/#website","url":"http:\/\/www.aeroclub.it\/","name":"Scuola di volo Thiene - Aeroclub A.Ferrarin","description":"Scuola di volo ATO.IT.0080","publisher":{"@id":"http:\/\/www.aeroclub.it\/#organization"},"potentialAction":[{"@type":"SearchAction","target":{"@type":"EntryPoint","urlTemplate":"http:\/\/www.aeroclub.it\/?s={search_term_string}"},"query-input":"required name=search_term_string"}],"inLanguage":"it-IT"},{"@type":"WebPage","@id":"http:\/\/www.aeroclub.it\/index.php\/aviazione-generale\/#webpage","url":"http:\/\/www.aeroclub.it\/index.php\/aviazione-generale\/","name":"Aviazione Generale - PPL - Scuola di volo Thiene - Aeroclub A.Ferrarin","isPartOf":{"@id":"http:\/\/www.aeroclub.it\/#website"},"datePublished":"2019-07-22T12:39:58+00:00","dateModified":"2025-03-11T14:32:15+00:00","breadcrumb":{"@id":"http:\/\/www.aeroclub.it\/index.php\/aviazione-generale\/#breadcrumb"},"inLanguage":"it-IT","potentialAction":[{"@type":"ReadAction","target":["http:\/\/www.aeroclub.it\/index.php\/aviazione-generale\/"]}]},{"@type":"BreadcrumbList","@id":"http:\/\/www.aeroclub.it\/index.php\/aviazione-generale\/#breadcrumb","itemListElement":[{"@type":"ListItem","position":1,"name":"Home","item":"http:\/\/www.aeroclub.it\/"},{"@type":"ListItem","position":2,"name":"Aviazione Generale &#8211; PPL"}]}]}},"_links":{"self":[{"href":"http:\/\/www.aeroclub.it\/index.php\/wp-json\/wp\/v2\/pages\/38"}],"collection":[{"href":"http:\/\/www.aeroclub.it\/index.php\/wp-json\/wp\/v2\/pages"}],"about":[{"href":"http:\/\/www.aeroclub.it\/index.php\/wp-json\/wp\/v2\/types\/page"}],"author":[{"embeddable":true,"href":"http:\/\/www.aeroclub.it\/index.php\/wp-json\/wp\/v2\/users\/1"}],"replies":[{"embeddable":true,"href":"http:\/\/www.aeroclub.it\/index.php\/wp-json\/wp\/v2\/comments?post=38"}],"version-history":[{"count":19,"href":"http:\/\/www.aeroclub.it\/index.php\/wp-json\/wp\/v2\/pages\/38\/revisions"}],"predecessor-version":[{"id":1376,"href":"http:\/\/www.aeroclub.it\/index.php\/wp-json\/wp\/v2\/pages\/38\/revisions\/1376"}],"wp:attachment":[{"href":"http:\/\/www.aeroclub.it\/index.php\/wp-json\/wp\/v2\/media?parent=38"}],"curies":[{"name":"wp","href":"https:\/\/api.w.org\/{rel}","templated":true}]}}